{"id":251,"date":"2023-12-12T13:37:00","date_gmt":"2023-12-12T13:37:00","guid":{"rendered":"http:\/\/corporatewpdes.ohionational.clindex.php\/inicio\/"},"modified":"2026-03-23T19:48:37","modified_gmt":"2026-03-23T19:48:37","slug":"inicio","status":"publish","type":"page","link":"https:\/\/www.augustarseguros.cl\/","title":{"rendered":"Inicio"},"content":{"rendered":"\n<!-- ----------TITULO E IMAGEN---------- -->\n<div class=\"container py-5\" style=\"font-family: 'Unbounded', sans-serif;\">\n  <div class=\"row align-items-center\">\n    <div class=\"col-md-6 text-center text-md-start\">\n      <h1 class=\"unbound-title\" >Bienvenido a <br> AuguStar Seguros<\/h1>\n      <p class=\"mt-3 font-size-18\" style=\"font-family: 'Open Sans', sans-serif;\">\n        En AuguStar Seguros, somos tu aliado estrat\u00e9gico para<br>construir un futuro seguro y pr\u00f3spero, para que puedas<br>vivir en cada etapa de tu vida la tranquilidad y<br>protecci\u00f3n de nuestra compa\u00f1\u00eda.\n      <\/p>\n      <a href=\"https:\/\/www.augustarseguros.cl\/index.php\/quienes-somos\/\" class=\"btn btn-primary mt-3\" style=\"font-family: 'Open Sans'\">\n        Qui\u00e9nes somos\n      <\/a>\n    <\/div>\n    <div class=\"col-md-6 d-flex justify-content-center\">\n      <div class=\"bean-image-wrapper\">\n        <img decoding=\"async\" \n          src=\"https:\/\/www.augustarseguros.cl\/wp-content\/themes\/ohio-wp-template\/assets\/images\/HOME.png\" \n          alt=\"Pareja en fogata bajo las estrellas\" \n          class=\"bean-image img-fluid\"\n        \/>\n      <\/div>\n    <\/div>\n  <\/div>\n<\/div>\n\n\n\n<!-- ----------VIDEO---------- -->\n<div style=\"background-color: #efe8f5; margin-left: calc(-50vw + 50%); margin-right: calc(-50vw + 50%); padding: 3rem 0;\">\n  <div class=\"container py-5\">\n    <div class=\"row align-items-center\">\n      <div class=\"col-md-6 text-center text-md-start\">\n        <div class=\"align-items-left\">\n          <img decoding=\"async\" src=\"https:\/\/www.augustarseguros.cl\/wp-content\/themes\/ohio-wp-template\/assets\/images\/EclipseMoradoNaranjo.svg\" alt=\"Eclipse Morado Naranjo\" class=\"img-fluid\">\n        <\/div><br><br>\n        <h1 class=\"unbound-title\">Conoce m\u00e1s de nosotros<\/h1>\n        <p class=\"mt-3 font-size-20\" style=\"font-family: 'Open Sans', sans-serif;\">\n          Tu seguridad, futuro financiero y la realizaci\u00f3n<br>de tus metas y sue\u00f1os son nuestra prioridad.\n        <\/p>\n      <\/div>\n      <div class=\"col-md-6 d-flex justify-content-center\">\n        <!-- Video embed -->\n        <div style=\"position: relative; width: 100%; max-width: 500px;\">\n          <div id=\"video-placeholder\" style=\"cursor: pointer; position: relative; padding-bottom: 56.25%; height: 0; overflow: hidden;\">\n            <img decoding=\"async\" \n              src=\"https:\/\/www.augustarseguros.cl\/wp-content\/themes\/ohio-wp-template\/assets\/images\/youtubePlaceholder.png\" \n              alt=\"Play Video\" \n              style=\"position: absolute; top: 0; left: 0; width: 100%; height: 100%; object-fit: cover;\">\n          <\/div>\n        <\/div>\n      <\/div>\n    <\/div>\n  <\/div>\n<\/div>\n<script>\n  document.getElementById('video-placeholder').addEventListener('click', function () {\n    this.outerHTML = `\n      <div style=\"position: relative; padding-bottom: 56.25%; height: 0; overflow: hidden;\">\n        <iframe\n          src=\"https:\/\/www.youtube.com\/embed\/FOPsjlcStZk?autoplay=1&#038;mute=1\"\n          frameborder=\"0\"\n          allow=\"accelerometer; autoplay; clipboard-write; encrypted-media; gyroscope; picture-in-picture\"\n          allowfullscreen\n          style=\"position: absolute; top: 0; left: 0; width: 100%; height: 100%;\">\n        <\/iframe>\n      <\/div>`;\n  });\n<\/script>\n\n\n\n<!-- ----------MUNDO---------- -->\n<div class=\"row justify-content-center\">\n  <div class=\"col-10\">\n    <img decoding=\"async\" \n         class=\"image-parallax-image img-fluid scroll-in-hidden\" \n         src=\"https:\/\/www.augustarseguros.cl\/wp-content\/themes\/ohio-wp-template\/assets\/images\/earth_parallax.webp\" \n         alt=\"Earth\">\n  <\/div>\n<\/div>\n\n<style>\n  .img-fluid {\n    max-width: 100%;\n    height: auto;\n  }\n\n  .image-parallax-image {\n    position: relative;\n    z-index: 1;\n  }\n\n  .card-background {\n    position: relative;\n    z-index: 2;\n    margin-top: -0px; \/* Adjust based on desired overlap *\/\n    background: linear-gradient(90deg, #1d3969 0%, #1158c9 25%, #942abc 50%, #cb2be2 75%, #f06d22 100%);\n    margin-left: calc(-50vw + 50%);\n    margin-right: calc(-50vw + 50%);\n    padding: 8rem 0 6rem 0; \/* Increased top padding to account for overlap *\/\n  }\n\n  .scroll-in-hidden {\n    \n    transform: translateY(100px);\n    transition: all 1s;\n  }\n\n  .scroll-in-show {\n    opacity: 1;\n    transform: translateY(0);\n  }\n<\/style>\n\n<script>\n  document.addEventListener(\"DOMContentLoaded\", function () {\n    const elements = document.querySelectorAll('.scroll-in-hidden');\n\n    const observer = new IntersectionObserver((entries) => {\n      entries.forEach(entry => {\n        if (entry.isIntersecting) {\n          entry.target.classList.add('scroll-in-show');\n        } else {\n          entry.target.classList.remove('scroll-in-show'); \n        }\n      });\n    }, { threshold: 0.3 });\n\n    elements.forEach(el => observer.observe(el));\n  });\n<\/script>\n<!-- ----------TARJETAS---------- -->\n<div class=\"card-background\">\n  <div class=\"row text-center title-description\">\n      <br>\n      <p class=\"unbound-title-white\">Un universo de posibilidades<sup style=\"font-size: 18px;\">\u00ae<\/sup><\/p>\n      <p class=\"opensans-title-white\">Te entregamos confianza y solidez a trav\u00e9s de nuestras l\u00edneas de negocio.<\/p>\n      <br><br>\n  <\/div>\n\n  <div class=\"container\">\n      <div class=\"row g-4\">\n          <!-- Card 1: Vida Individual -->\n          <div class=\"col-lg-3 col-md-6\">\n              <div class=\"service-card\">\n                  <div class=\"service-icon\">\n                      <img width=\"110px\" height=\"110px\" decoding=\"async\"\n                          src=\"https:\/\/www.augustarseguros.cl\/wp-content\/themes\/ohio-wp-template\/assets\/images\/cardIcons\/new\/1.svg\"\n                          alt=\"vida individual\">\n                  <\/div>\n                  <h3 class=\"service-title\">Vida<br>Individual<\/h3>\n                  <p class=\"service-description\">\n                   Seguros de Vida Temporales, Vida Entera, con Ahorro e Inv. Variable, con APV\n                      y desgravamen hipotecario individual.\n                  <\/p>\n                  <a href=\"https:\/\/www.augustarseguros.cl\/index.php\/individual-life\/\" class=\"service-btn\">\n                      Ver m\u00e1s <i class=\"fa-solid fa-circle-chevron-right\"><\/i>\n                  <\/a>\n              <\/div>\n          <\/div>\n\n          <!-- Card 2: Rentas Vitalicias -->\n          <div class=\"col-lg-3 col-md-6\">\n              <div class=\"service-card\">\n                  <div class=\"service-icon\">\n                      <img width=\"110px\" height=\"110px\" decoding=\"async\"\n                          src=\"https:\/\/www.augustarseguros.cl\/wp-content\/themes\/ohio-wp-template\/assets\/images\/cardIcons\/new\/2.svg\"\n                          alt=\"rentas vitalicias\">\n                  <\/div>\n                  <h3 class=\"service-title\">Rentas Vitalicias<\/h3>\n                  <p class=\"service-description\">\n                      Una pensi\u00f3n vitalicia para que usted disfrute su jubilaci\u00f3n con tranquilidad.\n                  <\/p>\n                  <a href=\"https:\/\/www.augustarseguros.cl\/index.php\/rentas-vitalicias-resumen\/\"\n                      class=\"service-btn\">\n                      Ver m\u00e1s <i class=\"fa-solid fa-circle-chevron-right\"><\/i>\n                  <\/a>\n              <\/div>\n          <\/div>\n\n          <!-- Card 3: Seguros Masivos -->\n          <div class=\"col-lg-3 col-md-6\">\n              <div class=\"service-card\">\n                  <div class=\"service-icon\">\n                      <img width=\"110px\" height=\"110px\" decoding=\"async\"\n                          src=\"https:\/\/www.augustarseguros.cl\/wp-content\/themes\/ohio-wp-template\/assets\/images\/cardIcons\/new\/3.png\"\n                          alt=\"seguros masivos\">\n                  <\/div>\n                  <h3 class=\"service-title\">Seguros Masivos<\/h3>\n                  <p class=\"service-description\">\n                      Seguros de precios accesibles comercializado a trav\u00e9s del Retail, Cajas de Compensaci\u00f3n e\n                      Instituciones Financieras.\n                  <\/p>\n                  <a href=\"https:\/\/www.augustarseguros.cl\/index.php\/seguros-masivos\/\" class=\"service-btn\">\n                      Ver m\u00e1s <i class=\"fa-solid fa-circle-chevron-right\"><\/i>\n                  <\/a>\n              <\/div>\n          <\/div>\n\n          <!-- Card 4: Inversiones Inmobiliarias -->\n          <div class=\"col-lg-3 col-md-6\">\n              <div class=\"service-card\">\n                  <div class=\"service-icon\">\n                      <img width=\"110px\" height=\"110px\" decoding=\"async\"\n                          src=\"https:\/\/www.augustarseguros.cl\/wp-content\/themes\/ohio-wp-template\/assets\/images\/cardIcons\/new\/4.svg\"\n                          alt=\"seguros masivos\">\n                  <\/div>\n                  <h3 class=\"service-title\">Inversiones Inmobiliarias<\/h3>\n                  <p class=\"service-description\">\n                      Financiamiento hasta 30 a\u00f1os plazo.\n                  <\/p>\n                  <a href=\"https:\/\/www.augustarseguros.cl\/index.php\/financiamiento-inmobiliario\/\"\n                      class=\"service-btn\">\n                      Ver m\u00e1s <i class=\"fa-solid fa-circle-chevron-right\"><\/i>\n                  <\/a>\n              <\/div>\n          <\/div>\n      <\/div>\n  <\/div>\n\n  <style>\n      .title-description {\n          height: 210px;\n      }\n\n      .services-section {\n          padding: 60px 0;\n          background: linear-gradient(135deg, #8B2CF5 0%, #E91E63 50%, #FF6B35 100%);\n      }\n\n      .service-card {\n          border: 1px solid rgba(255, 255, 255, 1);\n          border-radius: 20px;\n          padding: 30px 20px;\n          height: 100%;\n          color: white;\n          transition: all 0.3s ease;\n          backdrop-filter: blur(10px);\n      }\n\n\n      .service-icon {\n          filter: brightness(0) invert(1);\n          width: 3rem;\n          height: 8rem;\n      }\n\n      .service-title {\n          font-family: Unbounded;\n          font-size: 28px;\n          color: #fff;\n          margin-bottom: 15px;\n          line-height: 1.2;\n          height: 6rem;\n      }\n\n      .service-description {\n          font-family: 'Open Sans', sans-serif;\n          font-size: 20px;\n          line-height: 1.5;\n          margin-bottom: 43px;\n          opacity: 0.9;\n          height: 10rem;\n      }\n\n      .service-btn {\n          color: white;\n          border-radius: 25px;\n          text-decoration: none;\n          font-size: 18px;\n          font-weight: bold;\n          transition: all 0.3s ease;\n          display: inline-flex;\n          align-items: center;\n          gap: 8px;\n      }\n\n      .service-btn:hover {\n          color: white !important;\n          text-decoration: underline !important;\n      }\n\n\n      @media (max-width: 768px) {\n          .service-card {\n              margin-bottom: 20px;\n          }\n      }\n  <\/style>\n\n<\/div>\n\n\n\n\n\n        <\/div>\n\n        <div class=\"py-2 mt-4 mb-5\" style=\"background-color: #efe8f5; margin-left: calc(-50vw + 50%); margin-right: calc(-50vw + 50%); padding: 3rem 0;\">\n            <div class=\"container py-5\">\n                <div class=\"row\">\n                    <div class=\"col-sm-6 border-end-accesos d-block d-sm-flex align-items-center justify-content-end unbound-title\" >\n                        <h2 class=\"me-0 me-sm-5 mb-4 mb-sm-0\">Accesos Principales<\/h2>\n                    <\/div>\n                    <div class=\"col-sm-6 d-block d-sm-flex flex-column align-items-center justify-content-start\">\n                        \n            <a class=\"btn btn-link w-100 text-start fw-bold ms-0 ms-sm-5 ps-0\" href=\"https:\/\/www.augustarseguros.cl\/index.php\/responsabilidad-social\/\">\n                <i class=\"fa-solid fa-chevron-right me-3\"><\/i>\n                Responsabilidad social empresarial\n            <\/a>\n        \n\n            <a class=\"btn btn-link w-100 text-start fw-bold ms-0 ms-sm-5 ps-0\" href=\"https:\/\/miportal.augustarseguros.cl\/\">\n                <i class=\"fa-solid fa-chevron-right me-3\"><\/i>\n                Pago seguro en l\u00ednea primas y aportes\n            <\/a>\n        \n\n            <a class=\"btn btn-link w-100 text-start fw-bold ms-0 ms-sm-5 ps-0\" href=\"https:\/\/www.augustarseguros.cl\/index.php\/contactenos\/\">\n                <i class=\"fa-solid fa-chevron-right me-3\"><\/i>\n                Atenci\u00f3n de consultas y reclamos\n            <\/a>\n        \n                    <\/div>\n                <\/div>\n            <\/div>\n        <\/div>\n\n        <div class=\"container\">\n\t\n\n\n<!-- ----------FAVICON AUGUSTAR---------- -->\n<div class=\"row justify-content-center\">\n  <div class=\"col-md-12 text-center\">\n    <img decoding=\"async\" src=\"https:\/\/www.augustarseguros.cl\/wp-content\/themes\/ohio-wp-template\/assets\/images\/icon_asterix.svg\" alt=\"asterix-icon\" \/>\n  <\/div>\n<\/div>\n\n\n\n<p><\/p>\n\n\n\n<!-- ----------CONTACTANOS---------- -->\n<div class=\"container py-5\" style=\"font-family: 'Unbounded', sans-serif;\">\n\n\n  <div class=\"row align-items-center\">\n\n    <div class=\"col-md-6 d-flex justify-content-center\">\n      <div class=\"bean-image-wrapper\">\n        <img decoding=\"async\"\n          src=\"https:\/\/www.augustarseguros.cl\/wp-content\/themes\/ohio-wp-template\/assets\/images\/home-necesitas-ayuda.svg\"\n          alt=\"necesitas-ayuda\" class=\"bean-image img-fluid\" \/>\n      <\/div>\n    <\/div>\n    <div class=\"col-md-6 text-center text-md-start\">\n      <h1 class=\"unbound-title\">\u00bfNecesitas ayuda?<\/h1>\n      <p class=\"mt-3 font-size-18\" style=\"font-family: 'Open Sans', sans-serif;\">\n        Servicio de Atenci\u00f3n a Clientes\n      <\/p>\n      <p class=\"mt-3 font-size-18\" style=\"font-family: 'Open Sans', sans-serif;\">\n        <i class=\"fa-solid fa-tablet-screen-button\"><\/i>\n        <a class=\"text-decoration-none\" href=\"tel:6006004490\">600 600 4490<\/a>\n      <\/p>\n      <p class=\"mt-3 font-size-18\" style=\"font-family: 'Open Sans', sans-serif;\">\n        <i class=\"fa-solid fa-envelope\"><\/i> <a class=\"text-decoration-none\"\n          href=\"mailto:contacto@augustarseguros.cl\">contacto@augustarseguros.cl<\/a>\n      <\/p>\n      <p class=\"mt-3 font-size-18\" style=\"font-family: 'Open Sans', sans-serif;\">\n        Horario de atenci\u00f3n: Lunes a Jueves de 09.00 a 18.00 hrs. Viernes de 09.00 a 16.00 hrs.\n      <\/p>\n      <a href=\"https:\/\/www.augustarseguros.cl\/index.php\/contactenos\/\" class=\"btn btn-primary mt-3\"\n        style=\"font-family: 'Open Sans'\">\n        Cont\u00e1ctanos\n      <\/a>\n    <\/div>\n  <\/div>\n<\/div>\n\n\n\n<!-- ----------CONSTELLATION---------- -->\n<div class=\"container py-5\" style=\"font-family: 'Unbounded', sans-serif;\">\n\n\n  <div class=\"row align-items-center\">\n    \n    <div class=\"col-md-6 col-lg-6 d-flex justify-content-center\">\n      <div class=\"bean-image-wrapper\">\n        <img decoding=\"async\" \n          src=\"https:\/\/www.augustarseguros.cl\/wp-content\/themes\/ohio-wp-template\/assets\/images\/Constellation.webp\" \n          alt=\"const-img\" \n          class=\"bean-image img-fluid\"\n        \/>\n      <\/div>\n    <\/div>\n    <div class=\"col-md-6 col-lg-6 text-center text-md-start\">\n      <h1 class=\"unbound-title\">Parte de la familia de<br>empresas Constellation<\/h1>\n      <p class=\"mt-3 font-size-18\" style=\"font-family: 'Open Sans', sans-serif;\">\n        AuguStar Seguros forma parte de la familia de compa\u00f1\u00edas Constellation, que cuenta con solidez financiera, fuerte posici\u00f3n de capital, altas calificaciones y cuenta con el respaldo de dos de los mayores inversores institucionales a largo plazo de Norteam\u00e9rica. Constellation es un grupo diversificado de servicios financieros que ofrece soluciones de seguros, reaseguros, gesti\u00f3n de activos y mercados institucionales.\n      <\/p>\n      \n      <a href=\"https:\/\/constellationinsurance.com\/\" target=\"_blank\" class=\"btn btn-primary mt-3\" style=\"font-family: 'Open Sans'\">\n        Ver el sitio web\n      <\/a>\n    <\/div>\n  <\/div>\n<\/div>\n","protected":false},"excerpt":{"rendered":"<p>Bienvenido a AuguStar Seguros En AuguStar Seguros, somos tu aliado estrat\u00e9gico paraconstruir un futuro seguro y pr\u00f3spero, para que puedasvivir en cada etapa de tu vida la tranquilidad yprotecci\u00f3n de nuestra compa\u00f1\u00eda. Qui\u00e9nes somos Conoce m\u00e1s de nosotros Tu seguridad, futuro financiero y la realizaci\u00f3nde tus metas y sue\u00f1os son nuestra prioridad. Un universo de [&hellip;]<\/p>\n","protected":false},"author":1,"featured_media":0,"parent":0,"menu_order":0,"comment_status":"closed","ping_status":"closed","template":"","meta":{"om_disable_all_campaigns":false,"_monsterinsights_skip_tracking":false,"_monsterinsights_sitenote_active":false,"_monsterinsights_sitenote_note":"","_monsterinsights_sitenote_category":0,"_uf_show_specific_survey":0,"_uf_disable_surveys":false,"footnotes":""},"class_list":["post-251","page","type-page","status-publish","hentry"],"aioseo_notices":[],"_links":{"self":[{"href":"https:\/\/www.augustarseguros.cl\/index.php\/wp-json\/wp\/v2\/pages\/251","targetHints":{"allow":["GET"]}}],"collection":[{"href":"https:\/\/www.augustarseguros.cl\/index.php\/wp-json\/wp\/v2\/pages"}],"about":[{"href":"https:\/\/www.augustarseguros.cl\/index.php\/wp-json\/wp\/v2\/types\/page"}],"author":[{"embeddable":true,"href":"https:\/\/www.augustarseguros.cl\/index.php\/wp-json\/wp\/v2\/users\/1"}],"replies":[{"embeddable":true,"href":"https:\/\/www.augustarseguros.cl\/index.php\/wp-json\/wp\/v2\/comments?post=251"}],"version-history":[{"count":179,"href":"https:\/\/www.augustarseguros.cl\/index.php\/wp-json\/wp\/v2\/pages\/251\/revisions"}],"predecessor-version":[{"id":2887,"href":"https:\/\/www.augustarseguros.cl\/index.php\/wp-json\/wp\/v2\/pages\/251\/revisions\/2887"}],"wp:attachment":[{"href":"https:\/\/www.augustarseguros.cl\/index.php\/wp-json\/wp\/v2\/media?parent=251"}],"curies":[{"name":"wp","href":"https:\/\/api.w.org\/{rel}","templated":true}]}}