{"id":250,"date":"2023-12-12T13:37:00","date_gmt":"2023-12-12T13:37:00","guid":{"rendered":"http:\/\/corporatewpdes.ohionational.clindex.php\/financiamiento-inmobiliario\/"},"modified":"2025-07-03T20:55:36","modified_gmt":"2025-07-03T20:55:36","slug":"financiamiento-inmobiliario","status":"publish","type":"page","link":"https:\/\/www.augustarseguros.cl\/index.php\/financiamiento-inmobiliario\/","title":{"rendered":"Financiamiento inmobiliario"},"content":{"rendered":"\n<div class=\"container py-5\" style=\"font-family: 'Unbounded', sans-serif;\">\n<div class=\"row align-items-center\">\n<div class=\"col-md-6 text-center text-md-start\">\n<h1 class=\"unbound-title\" >Financiamiento<br> Inmobiliario<\/h1>\n<p class=\"mt-3 font-size-18\" style=\"font-family: 'Open Sans', sans-serif;\">\n   Contamos con un equipo de profesionales\naltamente especializados en el \u00e1rea de\ninversiones, particularmente orientados a\nsatisfacer las necesidades de empresarios\ndel rubro inmobiliario. Nuestra atenci\u00f3n\npersonalizada nos permite ofrecer\nsoluciones \u00e1giles y efectivas, acordes a sus\nrequerimientos.\n<\/p>\n<\/div>\n<div class=\"col-md-6 d-flex justify-content-center\">\n<div class=\"bean-image-wrapper\">\n<img decoding=\"async\" \n          src=\"https:\/\/www.augustarseguros.cl\/wp-content\/uploads\/2025\/06\/FINANCIAMIENTO-INMOBILIARIO-e1750781246719.png\" \n          alt=\"Financiamiento inmobiliario\" \n          class=\"bean-image img-fluid\"\n        \/>\n<\/div>\n<\/div>\n<\/div>\n<\/div>\n\n\n\n<!-- Secci\u00f3n con fondo degradado SOLO hasta el contenido -->\n<div style=\"background: #f0e9f5; width: 100vw; margin-left: calc(-50vw + 50%); padding-top: 4rem; padding-bottom: 0;\">\n  <div class=\"container pb-5\">\n\n    <!-- Icono + T\u00edtulo -->\n    <div class=\"row justify-content-center text-center mb-4\">\n      <div class=\"col-md-12\">\n        <img decoding=\"async\" src=\"https:\/\/www.augustarseguros.cl\/wp-content\/themes\/ohio-wp-template\/assets\/images\/EclipseMoradoNaranjo.svg\"\n             alt=\"Eclipse decorativo\" width=\"50\" class=\"mb-3\">\n        <h3 class=\"titulo-unbounded\">Nuestros Productos<\/h3><br><br>\n      <\/div>\n    <\/div>\n\n    <!-- Contenido -->\n    <div class=\"row\">\n      <div class=\"col-md-6 mb-4\">\n        <h5 class=\"subtitulo-open-sans\">Leasing<\/h5>\n        <p class=\"font-size-18\">\n          Consiste en la compra por parte de AuguStar Seguros de un bien ra\u00edz<br>con destino comercial a solicitud de un tercero, para luego celebrar con<br>el mismo tercero solicitante un contrato de arrendamiento con opci\u00f3n<br>de compra.\n        <\/p>\n        <p class=\"font-size-18\">\n          Esta modalidad permite financiar la compra de hasta el 80% del valor comercial de un inmueble.\n        <\/p>\n        <p class=\"font-size-18\">\n          Por otra parte, permite a su empresa no tener capital de trabajo inmovilizado en un bien ra\u00edz, teniendo la posibilidad de suscribir un contrato de arrendamiento con plazos que van desde los 5 a los 25<br>a\u00f1os,y poder ejercer la opci\u00f3n de compra a partir del plazo indicado en<br>el contrato.\n        <\/p>\n      <\/div>\n\n      <div class=\"col-md-6 mb-4\">\n        <h5 class=\"subtitulo-open-sans\">Leaseback<\/h5>\n        <p class=\"font-size-18\">\n          Permite al propietario de un bien ra\u00edz obtener capital de trabajo para el<br>giro de su negocio, mediante la venta del inmueble a AuguStar Seguros, para luego suscribir un contrato de arrendamiento con opci\u00f3n de compra<br>a su favor respecto del mismo bien ra\u00edz.<br><br><br><br>\n        <\/p>\n\n        <h5 class=\"subtitulo-open-sans\">Mutuos Hipotecarios Endosables (MHE)<\/h5>\n        <p class=\"font-size-18\">\n          AguStar Seguros act\u00faa como inversionista y compra estos MHE a entidades autorizadas por la Comisi\u00f3n para el Mercado Financiero (Ex SVS).\n        <\/p>\n      <\/div>\n    <\/div>\n  <\/div>\n<\/div>\n\n<!-- Aqu\u00ed comienza la nueva secci\u00f3n con fondo blanco natural -->\n<div style=\"background: #ffffff; padding-top: 2rem;\"><\/div>\n\n<!-- Estilos -->\n<style>\n\n  .font-size-18 {\n    font-size: 18px;\n    font-family: 'Open Sans', sans-serif;\n  }\n\n  .font-size-18-bold {\n    font-size: 18px;\n    font-family: 'Open Sans', sans-serif;\n    font-weight: bold;\n  }\n\n  .titulo-unbounded {\n    font-family: 'Unbounded', sans-serif;\n    font-size: 30px;\n    color: #1E3869;\n    font-weight: 500;\n  }\n\n  .subtitulo-open-sans {\n    font-family: 'Open Sans', sans-serif;\n    font-size: 24px;\n    font-weight: 700;\n    color: #1E3869;\n    margin-bottom: 1rem;\n  }\n\n  .underline-link:hover {\n    text-decoration: underline !important;\n  }\n<\/style>\n\n\n\n<p><\/p>\n\n\n\n<p><\/p>\n","protected":false},"excerpt":{"rendered":"<p>Financiamiento Inmobiliario Contamos con un equipo de profesionales altamente especializados en el \u00e1rea de inversiones, particularmente orientados a satisfacer las necesidades de empresarios del rubro inmobiliario. Nuestra atenci\u00f3n personalizada nos permite ofrecer soluciones \u00e1giles y efectivas, acordes a sus requerimientos. Nuestros Productos Leasing Consiste en la compra por parte de AuguStar Seguros de un bien [&hellip;]<\/p>\n","protected":false},"author":1,"featured_media":0,"parent":0,"menu_order":0,"comment_status":"closed","ping_status":"closed","template":"","meta":{"om_disable_all_campaigns":false,"_monsterinsights_skip_tracking":false,"_monsterinsights_sitenote_active":false,"_monsterinsights_sitenote_note":"","_monsterinsights_sitenote_category":0,"_uf_show_specific_survey":0,"_uf_disable_surveys":false,"footnotes":""},"class_list":["post-250","page","type-page","status-publish","hentry"],"aioseo_notices":[],"_links":{"self":[{"href":"https:\/\/www.augustarseguros.cl\/index.php\/wp-json\/wp\/v2\/pages\/250","targetHints":{"allow":["GET"]}}],"collection":[{"href":"https:\/\/www.augustarseguros.cl\/index.php\/wp-json\/wp\/v2\/pages"}],"about":[{"href":"https:\/\/www.augustarseguros.cl\/index.php\/wp-json\/wp\/v2\/types\/page"}],"author":[{"embeddable":true,"href":"https:\/\/www.augustarseguros.cl\/index.php\/wp-json\/wp\/v2\/users\/1"}],"replies":[{"embeddable":true,"href":"https:\/\/www.augustarseguros.cl\/index.php\/wp-json\/wp\/v2\/comments?post=250"}],"version-history":[{"count":25,"href":"https:\/\/www.augustarseguros.cl\/index.php\/wp-json\/wp\/v2\/pages\/250\/revisions"}],"predecessor-version":[{"id":2129,"href":"https:\/\/www.augustarseguros.cl\/index.php\/wp-json\/wp\/v2\/pages\/250\/revisions\/2129"}],"wp:attachment":[{"href":"https:\/\/www.augustarseguros.cl\/index.php\/wp-json\/wp\/v2\/media?parent=250"}],"curies":[{"name":"wp","href":"https:\/\/api.w.org\/{rel}","templated":true}]}}