{"id":249,"date":"2023-12-12T13:37:00","date_gmt":"2023-12-12T13:37:00","guid":{"rendered":"http:\/\/corporatewpdes.ohionational.clindex.php\/seguros-masivos\/"},"modified":"2025-07-03T20:54:27","modified_gmt":"2025-07-03T20:54:27","slug":"seguros-masivos","status":"publish","type":"page","link":"https:\/\/www.augustarseguros.cl\/index.php\/seguros-masivos\/","title":{"rendered":"Seguros masivos"},"content":{"rendered":"\n<div class=\"container py-5 mt-5\" style=\"font-family: 'Unbounded', sans-serif;\">\n  <div class=\"row align-items-center\">\n    <div class=\"col-md-6 text-center text-md-start\">\n      <h1 class=\"unbound-title\">Seguros Masivos <\/h1>\n      <p class=\"mt-3 font-size-18\" style=\"font-family: 'Open Sans', sans-serif;\">\n        En AuguStar Seguros protegemos a personas\n        en todo el pa\u00eds mediante nuestra l\u00ednea de\n        Seguros Masivos disponible en retail, cajas de\n        compensaci\u00f3n, bancos y cooperativas.<br>\n        Ofrecemos productos accesibles y altamente\n        valorados, dise\u00f1ados para el asegurado y su\n        familia, con coberturas clave como\n        fallecimiento, invalidez accidental, invalidez\n        2\/3 y enfermedades graves. Adem\u00e1s,\n        incorporamos beneficios gratuitos como\n        descuentos en farmacias, asistencias\n        m\u00e9dicas, dentales, legales y ex\u00e1menes\n        m\u00e9dicos.\n      <\/p>\n    <\/div><br>\n    <div class=\"col-md-5 d-flex justify-content-center\">\n      <div class=\"bean-image-wrapper\">\n        <img decoding=\"async\" src=\"https:\/\/www.augustarseguros.cl\/wp-content\/uploads\/2025\/06\/SEGUROS-MASIVOS-e1750780502221.png\"\n          alt=\"Seguros Masivos\" class=\"bean-image img-fluid\" \/>\n      <\/div>\n    <\/div>\n  <\/div>\n<\/div>\n\n\n\n<style>\n    .accordion-title-font {\n        font-family: 'Open Sans', sans-serif;\n        font-size: 26px;\n        color: #1D3969;\n        font-weight: bold;\n    }\n\n    .accordion-title-font:not(.collapsed) {\n        background-color: #e9ecf0;\n        --bs-accordion-active-bg: #e9ecf0;\n    }\n\n    .accordion-button:not(.collapsed) {\n        color: #1D3969;\n    }\n\n    .accordion-button:focus {\n        box-shadow: none;\n    }\n\n    .font-size-30 {\n        font-size: 30px;\n        color: #1D3969;\n        font-family: 'Unbounded', sans-serif;\n    }\n\n    .accordion-body a {\n        text-decoration: none;\n    }\n<\/style>\n\n<div class=\"container my-5\">\n    <p class=\"text-start mb-4 font-size-30\">Preguntas Frecuentes<\/p>\n\n    <div class=\"accordion mb-4\" id=\"accordion1\">\n        <div class=\"accordion-item border-0\">\n            <h2 class=\"accordion-header\" id=\"headingOne\">\n                <button class=\"accordion-button accordion-title-font collapsed\" type=\"button\" data-bs-toggle=\"collapse\"\n                    data-bs-target=\"#collapseOne\" aria-expanded=\"false\" aria-controls=\"collapseOne\">\n                    \u00bfC\u00f3mo puedo conocer las coberturas contratadas en mi seguro?\n                <\/button>\n            <\/h2>\n            <div id=\"collapseOne\" class=\"accordion-collapse collapse\" aria-labelledby=\"headingOne\"\n                data-bs-parent=\"#accordion1\">\n                <div class=\"accordion-body\">\n                    Puede solicitar su Certificado de Coberturas a trav\u00e9s de nuestro email <a href=\"mailto:contacto@augustarseguros.cl\">contacto@augustarseguros.cl<\/a>\n                <\/div>\n            <\/div>\n        <\/div>\n    <\/div>\n\n    <div class=\"accordion mb-4\" id=\"accordion2\">\n        <div class=\"accordion-item border-0\">\n            <h2 class=\"accordion-header\" id=\"headingTwo\">\n                <button class=\"accordion-button accordion-title-font collapsed\" type=\"button\" data-bs-toggle=\"collapse\"\n                    data-bs-target=\"#collapseTwo\" aria-expanded=\"false\" aria-controls=\"collapseTwo\">\n                    \u00bfC\u00f3mo puedo conocer las asistencias contratadas en mi seguro?\n                <\/button>\n            <\/h2>\n            <div id=\"collapseTwo\" class=\"accordion-collapse collapse\" aria-labelledby=\"headingTwo\"\n                data-bs-parent=\"#accordion2\">\n                <div class=\"accordion-body\">\n                    Puede solicitar las asistencias contratadas en su seguro a trav\u00e9s de nuestro email <a href=\"mailto:contacto@augustarseguros.cl\">contacto@augustarseguros.cl<\/a>\n                <\/div>\n            <\/div>\n        <\/div>\n    <\/div>\n\n    <div class=\"accordion mb-4\" id=\"accordion3\">\n        <div class=\"accordion-item border-0\">\n            <h2 class=\"accordion-header\" id=\"headingThree\">\n                <button class=\"accordion-button accordion-title-font collapsed\" type=\"button\" data-bs-toggle=\"collapse\"\n                    data-bs-target=\"#collapseThree\" aria-expanded=\"false\" aria-controls=\"collapseThree\">\n                    \u00bfC\u00f3mo puedo saber sobre el estado de un siniestro?\n                <\/button>\n            <\/h2>\n            <div id=\"collapseThree\" class=\"accordion-collapse collapse\" aria-labelledby=\"headingThree\"\n                data-bs-parent=\"#accordion3\">\n                <div class=\"accordion-body\">\n                    El informe se encontrar\u00e1 disponible dentro del plazo legal (45 d\u00edas desde la recepci\u00f3n de todos los documentos requeridos). <br>En caso de tener consultas respecto al estado del Siniestro, puede contactarse con Segured al tel\u00e9fono (2)471 70 90 o al correo electr\u00f3nico <a href=\"mailto:segured@segured.cl\">segured@segured.cl<\/a>\n                <\/div>\n            <\/div>\n        <\/div>\n    <\/div>\n\n    <div class=\"accordion mb-4\" id=\"accordion4\">\n        <div class=\"accordion-item border-0\">\n            <h2 class=\"accordion-header\" id=\"headingFour\">\n                <button class=\"accordion-button accordion-title-font collapsed\" type=\"button\" data-bs-toggle=\"collapse\"\n                    data-bs-target=\"#collapseFour\" aria-expanded=\"false\" aria-controls=\"collapseFour\">\n                    \u00bfC\u00f3mo puedo solicitar la devoluci\u00f3n de primas de mi seguro?\n                <\/button>\n            <\/h2>\n            <div id=\"collapseFour\" class=\"accordion-collapse collapse\" aria-labelledby=\"headingFour\"\n                data-bs-parent=\"#accordion4\">\n                <div class=\"accordion-body\">\n                    Si su seguro se encuentra en estado terminado puede solicitar la devoluci\u00f3n de primas cobradas con posterioridad a trav\u00e9s de nuestro email <a href=\"mailto:contacto@augustarseguros.cl\">contacto@augustarseguros.cl<\/a>\n                <\/div>\n            <\/div>\n        <\/div>\n    <\/div>\n\n    <div class=\"accordion mb-4\" id=\"accordion5\">\n        <div class=\"accordion-item border-0\">\n            <h2 class=\"accordion-header\" id=\"headingFive\">\n                <button class=\"accordion-button accordion-title-font collapsed\" type=\"button\" data-bs-toggle=\"collapse\"\n                    data-bs-target=\"#collapseFive\" aria-expanded=\"false\" aria-controls=\"collapseFive\">\n                    \u00bfC\u00f3mo puedo renunciar a mi seguro de vida?\n                <\/button>\n            <\/h2>\n            <div id=\"collapseFive\" class=\"accordion-collapse collapse\" aria-labelledby=\"headingFive\"\n                data-bs-parent=\"#accordion5\">\n                <div class=\"accordion-body\">\n                    Si est\u00e1 pensando en renunciar a su seguro de vida, lo invitamos a que considere la importancia de estar protegido, como un apoyo econ\u00f3mico para sus seres queridos en caso de que usted llegase a faltar.<br>De todas formas, para gestionar su renuncia debe enviar una carta simple firmada junto a una copia de su c\u00e9dula de identidad a nuestro email <a href=\"mailto:contacto@augustarseguros.cl\">contacto@augustarseguros.cl<\/a>\n                <\/div>\n            <\/div>\n        <\/div>\n    <\/div>\n\n\n<\/div>\n","protected":false},"excerpt":{"rendered":"<p>Seguros Masivos En AuguStar Seguros protegemos a personas en todo el pa\u00eds mediante nuestra l\u00ednea de Seguros Masivos disponible en retail, cajas de compensaci\u00f3n, bancos y cooperativas. Ofrecemos productos accesibles y altamente valorados, dise\u00f1ados para el asegurado y su familia, con coberturas clave como fallecimiento, invalidez accidental, invalidez 2\/3 y enfermedades graves. Adem\u00e1s, incorporamos beneficios [&hellip;]<\/p>\n","protected":false},"author":1,"featured_media":0,"parent":0,"menu_order":0,"comment_status":"closed","ping_status":"closed","template":"","meta":{"om_disable_all_campaigns":false,"_monsterinsights_skip_tracking":false,"_monsterinsights_sitenote_active":false,"_monsterinsights_sitenote_note":"","_monsterinsights_sitenote_category":0,"_uf_show_specific_survey":0,"_uf_disable_surveys":false,"footnotes":""},"class_list":["post-249","page","type-page","status-publish","hentry"],"aioseo_notices":[],"_links":{"self":[{"href":"https:\/\/www.augustarseguros.cl\/index.php\/wp-json\/wp\/v2\/pages\/249","targetHints":{"allow":["GET"]}}],"collection":[{"href":"https:\/\/www.augustarseguros.cl\/index.php\/wp-json\/wp\/v2\/pages"}],"about":[{"href":"https:\/\/www.augustarseguros.cl\/index.php\/wp-json\/wp\/v2\/types\/page"}],"author":[{"embeddable":true,"href":"https:\/\/www.augustarseguros.cl\/index.php\/wp-json\/wp\/v2\/users\/1"}],"replies":[{"embeddable":true,"href":"https:\/\/www.augustarseguros.cl\/index.php\/wp-json\/wp\/v2\/comments?post=249"}],"version-history":[{"count":21,"href":"https:\/\/www.augustarseguros.cl\/index.php\/wp-json\/wp\/v2\/pages\/249\/revisions"}],"predecessor-version":[{"id":2128,"href":"https:\/\/www.augustarseguros.cl\/index.php\/wp-json\/wp\/v2\/pages\/249\/revisions\/2128"}],"wp:attachment":[{"href":"https:\/\/www.augustarseguros.cl\/index.php\/wp-json\/wp\/v2\/media?parent=249"}],"curies":[{"name":"wp","href":"https:\/\/api.w.org\/{rel}","templated":true}]}}