{"id":240,"date":"2023-12-12T13:37:00","date_gmt":"2023-12-12T13:37:00","guid":{"rendered":"http:\/\/corporatewpdes.ohionational.clindex.php\/quienes-somos\/"},"modified":"2026-04-08T22:27:55","modified_gmt":"2026-04-08T22:27:55","slug":"quienes-somos","status":"publish","type":"page","link":"https:\/\/www.augustarseguros.cl\/index.php\/quienes-somos\/","title":{"rendered":"Acerca de Nosotros"},"content":{"rendered":"\n<!-- ---------- CABECERA TITULO E IMAGEN ---------- -->\n<div class=\"container py-5\" style=\"font-family: 'Unbounded', sans-serif;\">\n<br><br>\n  <div class=\"row align-items-center\">\n    <div class=\"col-md-6 text-center text-md-start\">\n      <h1 class=\"\" style=\"font-size: 46px;\">Acerca de Nosotros<\/h1>\n      <p class=\"mt-3 font-size-18\" style=\"font-family: 'Open Sans', sans-serif;\">\n        \nAuguStar Seguros es una compa\u00f1\u00eda que comparte nombre con las empresas de seguros del grupo Constellation en los Estados Unidos. \n<br>Ofrece una amplia gama de productos y se enfoca en mantener una relaci\u00f3n cercana con sus clientes, asegur\u00e1ndose de que reciban las mejores soluciones adaptadas a sus necesidades.  \n<br>Su creaci\u00f3n fue autorizada mediante Resoluci\u00f3n N\u00b06752 de la Comisi\u00f3n para el Mercado Financiero con fecha  26 de julio de 2024.\n      <\/p>\n     \n    <\/div>\n    <div class=\"col-md-6 d-flex justify-content-center\">\n      <div class=\"bean-image-wrapper\">\n        <img decoding=\"async\" \n          src=\"https:\/\/www.augustarseguros.cl\/wp-content\/uploads\/2025\/06\/ACERCA-DE-NOSOTROS.png\" \n          alt=\"Acerca de nosotros\" \n          class=\"bean-image img-fluid\"\n        \/>\n      <\/div>\n    <\/div>\n  <\/div>\n<\/div>\n\n\n\n<!-- ---------- HISTORIA Y FOTOS ---------- -->\n<div style=\"background-color: #efe8f5; margin-left: calc(-50vw + 50%); margin-right: calc(-50vw + 50%); padding: 3rem 0;\">\n    <div class=\"container py-5\">\n      <div class=\"row align-items-center\">\n        <div class=\"col-md-12 text-center\">\n          <div class=\"align-items-center\">\n            <img decoding=\"async\" src=\"https:\/\/www.augustarseguros.cl\/wp-content\/themes\/ohio-wp-template\/assets\/images\/EclipseMoradoNaranjo.svg\" alt=\"Eclipse Morado Naranjo\" class=\"img-fluid\">\n          <\/div><br><br>\n        <\/div>\n      <\/div>\n      <div class=\"row align-items-center\">\n        <div class=\"col-md-12 text-center text-md-start\">\n            <div class=\"text-center font-size-18\">En agosto del a\u00f1o 2025, AuguStar Seguros se fusion\u00f3 con su controlador Ohio National Seguros de Vida S.A., absorbiendo a esta \u00faltima, manteniendo de este modo toda la experiencia y credibilidad de Ohio National en el mercado chileno por m\u00e1s de 30 a\u00f1os, y m\u00e1s de un siglo en los Estados Unidos.<\/div>\n        <\/div>    \n      <\/div>\n      <br><br>\n      <div class=\"row align-items-center text-center\">\n        <div class=\"col-md-6 text-center text-md-start mt-1\">\n            <img decoding=\"async\" src=\"https:\/\/www.augustarseguros.cl\/wp-content\/themes\/ohio-wp-template\/assets\/images\/about\/ohio-usa.jpg\" alt=\"Ohio USA\" class=\"img-fluid rounded-5\">\n\n\n        <\/div>\n\n        <div class=\"col-md-6 text-center text-md-start mt-1\">\n            <img decoding=\"async\" src=\"https:\/\/www.augustarseguros.cl\/wp-content\/uploads\/2025\/07\/SANTIAGO-AUGUSTAR.png\" alt=\"Ohio STGO\" class=\"img-fluid rounded-5\">\n            \n        <\/div>\n      <\/div>\n      <br><br>\n      <div class=\"row align-items-center\">\n        <div class=\"col-md-12 text-center text-md-start\">\n            <div class=\"text-left font-size-18\">Activos en Administraci\u00f3n M$ 3.164.639.079, patrimonio de M$ 220.200.941.-<span style=\"color: #1E3869\">*<\/span> Clasificaci\u00f3n de Riesgo AA+ otorgada por ICR y Fitch Ratings a julio y octubre 2025, respectivamente, lo que demuestra el alto nivel de estabilidad financiera y solidez de la Compa\u00f1\u00eda. Contamos con 4 grandes l\u00edneas de negocios Rentas Vitalicias, Seguros de Vida Individuales, Seguros Masivos e Inversiones Inmobiliarias.\n            <br><br>\n                Comercializamos nuestros productos s\u00f3lo a trav\u00e9s de Intermediarios Externos como Asesores Previsionales, Corredores de Seguros y Agentes de Ventas Independientes.\n             <br> <br>  \n             <span style=\"color: #1E3869\">*Corresponde al balance de la compa\u00f1\u00eda fusionada con base en los EEFF auditados a diciembre 2024.<\/span><\/div>\n        <\/div>    \n      <\/div>\n      <br><br>\n      <div class=\"row align-items-center justify-content-center\">\n        <div class=\"col-md-5 text-center text-md-start mt-1\">\n            <div class=\"rounded-4 font-size-18-bold px-4 py-4 w-100\" style=\"background: linear-gradient(0deg, #822cb0 30%, #3b357e 100%); border: none; text-decoration: none; display: flex; align-items: center; justify-content: space-between;\">\n                <span>Memoria anual 2024<br>Ohio National<\/span>\n                <span><a class=\"underline-link\" href=\"https:\/\/www.augustarseguros.cl\/wp-content\/uploads\/2025\/04\/Memoria 2024 ONSV.pdf\" target=\"_blank\" style=\"color: #fff; text-decoration: none;\">Descargar<\/a><\/span>\n            <\/div>\n\n\n        <\/div>\n        <div class=\"col-md-2\"><\/div>\n        <div class=\"col-md-5 text-center text-md-start mt-1\">\n            <div class=\"rounded-4 font-size-18-bold px-4 py-4 w-100\" style=\"background: linear-gradient(0deg, #822cb0 30%, #3b357e 100%); border: none; text-decoration: none; display: flex; align-items: center; justify-content: space-between;\">\n                <span>Memoria anual 2024<br>AuguStar Seguros<\/span>\n                <span><a class=\"underline-link\" href=\"https:\/\/www.augustarseguros.cl\/wp-content\/uploads\/2025\/04\/Memoria Augustar Seguros de Vida 2024.pdf\" target=\"_blank\" style=\"color: #fff; text-decoration: none;\">Descargar<\/a><\/span>\n            <\/div>\n        <\/div>\n      <\/div>\n    <\/div>\n  <\/div>\n    <\/div>\n\n        <div class=\"col-md-2\"><\/div>\n        <div class=\"col-md-5 text-center text-md-start mt-1\">\n            <div class=\"rounded-4 font-size-18-bold px-4 py-4 w-100\" style=\"background: linear-gradient(0deg, #822cb0 30%, #3b357e 100%); border: none; text-decoration: none; display: flex; align-items: center; justify-content: space-between;\">\n                <span>Memoria anual 2025<br>AuguStar Seguros<\/span>\n                <span><a class=\"underline-link\" href=\"https:\/\/www.augustarseguros.cl\/wp-content\/uploads\/2026\/04\/Memoria-Augustar-Seguros-de-Vida-2025.pdf\" target=\"_blank\" style=\"color: #fff; text-decoration: none;\">Descargar<\/a><\/span>\n            <\/div>\n        <\/div>\n      <\/div>\n    <\/div>\n  <\/div>\n  <style>\n.font-size-18 {\n    font-size: 18px;\n    font-family: 'Open Sans', sans-serif;\n}\n\n.font-size-18-bold {\n    font-size: 18px;\n    font-family: 'Open Sans', sans-serif;\n    font-weight: bold;\n    color: #fff;\n}\n\n.underline-link:hover {\n    text-decoration: underline !important;\n}\n\n<\/style>\n\n\n\n<!-- ---------- RESPONSABILIDAD SOCIAL LINK ---------- -->\n<div class=\"container py-5\">\n  <div class=\"row align-items-center\">\n      <div class=\"col-md-12 text-center text-md-start\">\n          <div class=\"row align-items-center mb-3\">\n              <div class=\"col-auto\">\n                  <div class=\"align-items-left\">\n                      <img decoding=\"async\" src=\"https:\/\/www.augustarseguros.cl\/wp-content\/themes\/ohio-wp-template\/assets\/images\/EclipseMoradoNaranjo.svg\"\n                          alt=\"Eclipse Morado Naranjo\" class=\"img-fluid\" style=\"width: 50px; height: 50px;\">\n                  <\/div>\n              <\/div>\n              <div class=\"col\">\n                  <h1 style=\"font-size: 36px;font-family: 'Unbounded', sans-serif; margin: 0;\"><a href=\"https:\/\/www.augustarseguros.cl\/index.php\/responsabilidad-social\/\" style=\"text-decoration: none; color: inherit;\">Responsabilidad Social<\/a><\/h1>\n              <\/div>\n          <\/div>\n          <div class=\"row\">\n              <div class=\"col-12\">\n                  <p class=\"mt-3 font-size-20\" style=\"font-family: 'Open Sans', sans-serif;\">\n                      Referente a nuestra Responsabilidad Social Empresarial, apadrinamos al hogar N\u00b03 y N\u00b07 de\n                      Fundaci\u00f3n Las Rosas, que acogen a aproximadamente 147 adultos mayores.\n                  <\/p>\n              <\/div>\n          <\/div>\n      <\/div>\n  <\/div>\n<\/div>\n<\/div>\n","protected":false},"excerpt":{"rendered":"<p>Acerca de Nosotros AuguStar Seguros es una compa\u00f1\u00eda que comparte nombre con las empresas de seguros del grupo Constellation en los Estados Unidos. Ofrece una amplia gama de productos y se enfoca en mantener una relaci\u00f3n cercana con sus clientes, asegur\u00e1ndose de que reciban las mejores soluciones adaptadas a sus necesidades. Su creaci\u00f3n fue autorizada [&hellip;]<\/p>\n","protected":false},"author":1,"featured_media":0,"parent":0,"menu_order":0,"comment_status":"closed","ping_status":"closed","template":"","meta":{"om_disable_all_campaigns":false,"_monsterinsights_skip_tracking":false,"_monsterinsights_sitenote_active":false,"_monsterinsights_sitenote_note":"","_monsterinsights_sitenote_category":0,"_uf_show_specific_survey":0,"_uf_disable_surveys":false,"footnotes":""},"class_list":["post-240","page","type-page","status-publish","hentry"],"aioseo_notices":[],"_links":{"self":[{"href":"https:\/\/www.augustarseguros.cl\/index.php\/wp-json\/wp\/v2\/pages\/240","targetHints":{"allow":["GET"]}}],"collection":[{"href":"https:\/\/www.augustarseguros.cl\/index.php\/wp-json\/wp\/v2\/pages"}],"about":[{"href":"https:\/\/www.augustarseguros.cl\/index.php\/wp-json\/wp\/v2\/types\/page"}],"author":[{"embeddable":true,"href":"https:\/\/www.augustarseguros.cl\/index.php\/wp-json\/wp\/v2\/users\/1"}],"replies":[{"embeddable":true,"href":"https:\/\/www.augustarseguros.cl\/index.php\/wp-json\/wp\/v2\/comments?post=240"}],"version-history":[{"count":86,"href":"https:\/\/www.augustarseguros.cl\/index.php\/wp-json\/wp\/v2\/pages\/240\/revisions"}],"predecessor-version":[{"id":2952,"href":"https:\/\/www.augustarseguros.cl\/index.php\/wp-json\/wp\/v2\/pages\/240\/revisions\/2952"}],"wp:attachment":[{"href":"https:\/\/www.augustarseguros.cl\/index.php\/wp-json\/wp\/v2\/media?parent=240"}],"curies":[{"name":"wp","href":"https:\/\/api.w.org\/{rel}","templated":true}]}}