{"id":1286,"date":"2025-06-23T15:33:19","date_gmt":"2025-06-23T15:33:19","guid":{"rendered":"https:\/\/www.augustarseguros.cl\/?page_id=1286"},"modified":"2025-07-03T21:04:03","modified_gmt":"2025-07-03T21:04:03","slug":"responsabilidad-social","status":"publish","type":"page","link":"https:\/\/www.augustarseguros.cl\/index.php\/responsabilidad-social\/","title":{"rendered":"Responsabilidad Social"},"content":{"rendered":"\n<div class=\"container py-5 mt-5\" style=\"font-family: 'Unbounded', sans-serif;\">\n  <div class=\"row align-items-center\">\n    <div class=\"col-md-6 text-center text-md-start\">\n      <h1 class=\"\" style=\"font-size: 46px;\">Responsabilidad<br>Social<\/h1>\n      <p class=\"mt-3 font-size-18\" style=\"font-family: 'Open Sans', sans-serif;\">\n        <span style=\"color: #1E3869\">AuguStar Seguros y el bienestar de las generaciones mayores.<\/span><br><br>\n        Desde el 2003 enfocamos nuestra RSE en apoyar\ndirectamente a las personas mayores vulnerables de los\nhogares N\u00b0 3 y 7 de Fundaci\u00f3n Las Rosas.<br>\nA trav\u00e9s del voluntariado de nuestros colaboradores y\nnuestro compromiso, las personas mayores reciben\ncompa\u00f1\u00eda, afecto, soporte de sus necesidades, material y\nmejoramiento de la infraestructura que las acoge,\ngenerando impacto directo en su bienestar.\n      <\/p>\n    <\/div>\n    <div class=\"col-md-6 d-flex justify-content-center\">\n      <div class=\"bean-image-wrapper\">\n        <img decoding=\"async\" \n          src=\"https:\/\/www.augustarseguros.cl\/wp-content\/uploads\/2025\/06\/RESPONSABILIDAD-SOCIAL-e1750781059546.png\" \n          alt=\"Responsabilidad Social\" \n          class=\"bean-image img-fluid\"\n        \/>\n      <\/div>\n    <\/div>\n  <\/div>\n<\/div>\n\n\n\n<!-- Secci\u00f3n con fondo -->\n<div style=\"background-color: #efe8f5; margin-left: calc(-50vw + 50%); margin-right: calc(-50vw + 50%); padding: 3rem 0;\">\n  <div class=\"container py-5\">\n    <div class=\"row align-items-center\">\n      <div class=\"col-md-12 text-center text-md-start\">\n        <div class=\"text-center font-size-18\">\n          Nos alineamos con la misi\u00f3n de Fundaci\u00f3n Las Rosas:\n        <\/div>\n      <\/div>\n    <\/div>\n\n    <br><br>\n\n    <div class=\"row align-items-center\">\n      <div class=\"col-md-12 text-center text-md-start\">\n        <div class=\"text-center font-size-18\">\n          <em>\u201cAcoger, alimentar, acompa\u00f1ar en la salud y en el encuentro con el Se\u00f1or a personas mayores pobres<br>\n          y desvalidas, manteni\u00e9ndolas integradas a la familia y a la sociedad, en forma digna y activa.\u201d<\/em>\n        <\/div>\n\n        <br><br>\n\n        <div class=\"row justify-content-md-center\">\n          <div class=\"col-sm-5 text-center\">\n            <img decoding=\"async\" class=\"img-fluid\" src=\"https:\/\/www.augustarseguros.cl\/wp-content\/themes\/ohio-wp-template\/install\/snapshoot\/assets\/images\/social-commitment\/las-rosas-logo.png\" \/>\n          <\/div>\n        <\/div>\n      <\/div>\n    <\/div>\n  <\/div>\n<\/div>\n\n<!-- Aqu\u00ed termina el fondo de color -->\n\n<style>\n.font-size-18 {\n  font-size: 18px;\n  font-family: 'Open Sans', sans-serif;\n}\n\n.font-size-18-bold {\n  font-size: 18px;\n  font-family: 'Open Sans', sans-serif;\n  font-weight: bold;\n  color: #fff;\n}\n\n.underline-link:hover {\n  text-decoration: underline !important;\n}\n<\/style>\n\n\n\n<div class=\"container py-5\">\n\n    <div class=\"row\">\n      <div class=\"col-12 text-center mb-5\">\n        <p class=\"font-size-18\">En AuguStar Seguros, este compromiso es esencial y permanente, involucrando de manera transversal a toda la<br>organizaci\u00f3n: desde el Directorio hasta cada uno de nuestros colaboradores.<\/p>\n      <\/div>\n    <\/div>\n  \n    <!-- Galer\u00eda de im\u00e1genes -->\n    <div class=\"row justify-content-center\">\n      <div class=\"col-12 col-sm-6 col-md-4 mb-4\">\n        <img decoding=\"async\" src=\"https:\/\/www.augustarseguros.cl\/wp-content\/uploads\/2025\/06\/Responsabilidad-social-1-scaled.jpg\" alt=\"Imagen 1\" class=\"img-fluid rounded-4\">\n      <\/div>\n      <div class=\"col-12 col-sm-6 col-md-4 mb-4\">\n        <img decoding=\"async\" src=\"https:\/\/www.augustarseguros.cl\/wp-content\/uploads\/2025\/06\/Responsabilidad-social-2-scaled.jpg\" alt=\"Imagen 2\" class=\"img-fluid rounded-4\">\n      <\/div>\n      <div class=\"col-12 col-sm-6 col-md-4 mb-4\">\n        <img decoding=\"async\" src=\"https:\/\/www.augustarseguros.cl\/wp-content\/uploads\/2025\/06\/Responsabilidad-social-3-scaled.jpg\" alt=\"Imagen 3\" class=\"img-fluid rounded-4\">\n      <\/div>\n      <div class=\"col-12 col-sm-6 col-md-4 mb-4\">\n        <img decoding=\"async\" src=\"https:\/\/www.augustarseguros.cl\/wp-content\/uploads\/2025\/06\/Responsabilidad_Social_4-scaled-e1751032485216.jpg\" alt=\"Imagen 4\" class=\"img-fluid rounded-4\">\n      <\/div>\n      <div class=\"col-12 col-sm-6 col-md-4 mb-4\">\n        <img decoding=\"async\" src=\"https:\/\/www.augustarseguros.cl\/wp-content\/uploads\/2025\/06\/Responsabilidad-social-5-scaled.jpg\" alt=\"Imagen 5\" class=\"img-fluid rounded-4\">\n      <\/div>\n      <div class=\"col-12 col-sm-6 col-md-4 mb-4\">\n        <img decoding=\"async\" src=\"https:\/\/www.augustarseguros.cl\/wp-content\/uploads\/2025\/06\/Responsabilidad-social-6-scaled.jpg\" alt=\"Imagen 6\" class=\"img-fluid rounded-4\">\n      <\/div>\n      <div class=\"col-12 col-sm-6 col-md-4 mb-4\">\n        <img decoding=\"async\" src=\"https:\/\/www.augustarseguros.cl\/wp-content\/uploads\/2025\/06\/Responsabilidad-social-7-scaled.jpg\" alt=\"Imagen 7\" class=\"img-fluid rounded-4\">\n      <\/div>\n      <div class=\"col-12 col-sm-6 col-md-4 mb-4\">\n        <img decoding=\"async\" src=\"https:\/\/www.augustarseguros.cl\/wp-content\/uploads\/2025\/06\/Responsabilidad-social-8-scaled.jpg\" alt=\"Imagen 8\" class=\"img-fluid rounded-4\">\n      <\/div>\n      <div class=\"col-12 col-sm-6 col-md-4 mb-4\">\n        <img decoding=\"async\" src=\"https:\/\/www.augustarseguros.cl\/wp-content\/uploads\/2025\/06\/Responsabilidad-social-9-scaled.jpg\" alt=\"Imagen 9\" class=\"img-fluid rounded-4\">\n      <\/div>\n    <\/div>\n  <\/div>\n  \n  <style>\n  .font-size-18 {\n      font-size: 18px;\n      font-family: 'Open Sans', sans-serif;\n  }\n  \n  .font-size-18-bold {\n      font-size: 18px;\n      font-family: 'Open Sans', sans-serif;\n      font-weight: bold;\n      color: #fff;\n  }\n  \n  .underline-link:hover {\n      text-decoration: underline !important;\n  }\n  <\/style>\n","protected":false},"excerpt":{"rendered":"<p>ResponsabilidadSocial AuguStar Seguros y el bienestar de las generaciones mayores. Desde el 2003 enfocamos nuestra RSE en apoyar directamente a las personas mayores vulnerables de los hogares N\u00b0 3 y 7 de Fundaci\u00f3n Las Rosas. A trav\u00e9s del voluntariado de nuestros colaboradores y nuestro compromiso, las personas mayores reciben compa\u00f1\u00eda, afecto, soporte de sus necesidades, [&hellip;]<\/p>\n","protected":false},"author":1,"featured_media":0,"parent":0,"menu_order":0,"comment_status":"closed","ping_status":"closed","template":"","meta":{"om_disable_all_campaigns":false,"_monsterinsights_skip_tracking":false,"_monsterinsights_sitenote_active":false,"_monsterinsights_sitenote_note":"","_monsterinsights_sitenote_category":0,"_uf_show_specific_survey":0,"_uf_disable_surveys":false,"footnotes":""},"class_list":["post-1286","page","type-page","status-publish","hentry"],"aioseo_notices":[],"_links":{"self":[{"href":"https:\/\/www.augustarseguros.cl\/index.php\/wp-json\/wp\/v2\/pages\/1286","targetHints":{"allow":["GET"]}}],"collection":[{"href":"https:\/\/www.augustarseguros.cl\/index.php\/wp-json\/wp\/v2\/pages"}],"about":[{"href":"https:\/\/www.augustarseguros.cl\/index.php\/wp-json\/wp\/v2\/types\/page"}],"author":[{"embeddable":true,"href":"https:\/\/www.augustarseguros.cl\/index.php\/wp-json\/wp\/v2\/users\/1"}],"replies":[{"embeddable":true,"href":"https:\/\/www.augustarseguros.cl\/index.php\/wp-json\/wp\/v2\/comments?post=1286"}],"version-history":[{"count":18,"href":"https:\/\/www.augustarseguros.cl\/index.php\/wp-json\/wp\/v2\/pages\/1286\/revisions"}],"predecessor-version":[{"id":2137,"href":"https:\/\/www.augustarseguros.cl\/index.php\/wp-json\/wp\/v2\/pages\/1286\/revisions\/2137"}],"wp:attachment":[{"href":"https:\/\/www.augustarseguros.cl\/index.php\/wp-json\/wp\/v2\/media?parent=1286"}],"curies":[{"name":"wp","href":"https:\/\/api.w.org\/{rel}","templated":true}]}}